{"id":2,"date":"2024-07-04T14:09:33","date_gmt":"2024-07-04T17:09:33","guid":{"rendered":"http:\/\/recrutaestrategica-com.umbler.net\/public\/?page_id=2"},"modified":"2024-11-12T22:16:20","modified_gmt":"2024-11-13T01:16:20","slug":"pagina-exemplo","status":"publish","type":"page","link":"http:\/\/recrutaestrategica.com\/?page_id=2","title":{"rendered":"Nossa hist\u00f3ria"},"content":{"rendered":"\n<div class=\"wp-block-group has-global-padding is-layout-constrained wp-block-group-is-layout-constrained\">\n<p>Nossa miss\u00e3o \u00e9 conectar empresas e profissionais, proporcionando um processo seletivo eficiente e assertivo. Contamos com uma equipe qualificada e dedicada, comprometida em entender as necessidades espec\u00edficas de cada cliente e candidato, garantindo assim um servi\u00e7o de excel\u00eancia.<\/p>\n\n\n\n<p>Na Recruta Estrat\u00e9gica, acreditamos que o sucesso de uma empresa come\u00e7a com a escolha das pessoas certas. Por isso, utilizamos as melhores pr\u00e1ticas e ferramentas do mercado para identificar, avaliar e selecionar os profissionais mais adequados para cada posi\u00e7\u00e3o.<\/p>\n<\/div>\n\n\n\n<p><\/p>\n","protected":false},"excerpt":{"rendered":"<p>Nossa miss\u00e3o \u00e9 conectar empresas e profissionais, proporcionando um processo seletivo eficiente e assertivo. Contamos com uma equipe qualificada e dedicada, comprometida em entender as necessidades espec\u00edficas de cada cliente e candidato, garantindo assim um servi\u00e7o de excel\u00eancia. Na Recruta Estrat\u00e9gica, acreditamos que o sucesso de uma empresa come\u00e7a com a escolha das pessoas certas. [&hellip;]<\/p>\n","protected":false},"author":1,"featured_media":13,"parent":0,"menu_order":0,"comment_status":"closed","ping_status":"open","template":"","meta":{"footnotes":""},"class_list":["post-2","page","type-page","status-publish","has-post-thumbnail","hentry"],"_links":{"self":[{"href":"http:\/\/recrutaestrategica.com\/index.php?rest_route=\/wp\/v2\/pages\/2","targetHints":{"allow":["GET"]}}],"collection":[{"href":"http:\/\/recrutaestrategica.com\/index.php?rest_route=\/wp\/v2\/pages"}],"about":[{"href":"http:\/\/recrutaestrategica.com\/index.php?rest_route=\/wp\/v2\/types\/page"}],"author":[{"embeddable":true,"href":"http:\/\/recrutaestrategica.com\/index.php?rest_route=\/wp\/v2\/users\/1"}],"replies":[{"embeddable":true,"href":"http:\/\/recrutaestrategica.com\/index.php?rest_route=%2Fwp%2Fv2%2Fcomments&post=2"}],"version-history":[{"count":3,"href":"http:\/\/recrutaestrategica.com\/index.php?rest_route=\/wp\/v2\/pages\/2\/revisions"}],"predecessor-version":[{"id":98,"href":"http:\/\/recrutaestrategica.com\/index.php?rest_route=\/wp\/v2\/pages\/2\/revisions\/98"}],"wp:featuredmedia":[{"embeddable":true,"href":"http:\/\/recrutaestrategica.com\/index.php?rest_route=\/wp\/v2\/media\/13"}],"wp:attachment":[{"href":"http:\/\/recrutaestrategica.com\/index.php?rest_route=%2Fwp%2Fv2%2Fmedia&parent=2"}],"curies":[{"name":"wp","href":"https:\/\/api.w.org\/{rel}","templated":true}]}}